{"id":31,"date":"2020-09-22T20:54:23","date_gmt":"2020-09-22T18:54:23","guid":{"rendered":"https:\/\/new.rytorps.com\/?page_id=31"},"modified":"2022-06-13T23:33:04","modified_gmt":"2022-06-13T21:33:04","slug":"hem","status":"publish","type":"page","link":"https:\/\/www.rytorps.com\/","title":{"rendered":"Hem"},"content":{"rendered":"\n<div class=\"wp-block-group\"><div class=\"wp-block-group__inner-container is-layout-flow wp-block-group-is-layout-flow\">\n<div class=\"wp-block-group\"><div class=\"wp-block-group__inner-container is-layout-flow wp-block-group-is-layout-flow\">\n<div class=\"wp-block-group\"><div class=\"wp-block-group__inner-container is-layout-flow wp-block-group-is-layout-flow\">\n<div style=\"height:30px\" aria-hidden=\"true\" class=\"wp-block-spacer\"><\/div>\n<\/div><\/div>\n<\/div><\/div>\n<\/div><\/div>\n\n\n\n<div class=\"wp-block-group has-button-hover-text-color-background-color has-background\"><div class=\"wp-block-group__inner-container is-layout-flow wp-block-group-is-layout-flow\">\n<div class=\"wp-block-group\"><div class=\"wp-block-group__inner-container is-layout-flow wp-block-group-is-layout-flow\">\n<div style=\"height:50px\" aria-hidden=\"true\" class=\"wp-block-spacer\"><\/div>\n\n\n\n<div class=\"wp-block-columns are-vertically-aligned-center has-button-hover-text-color-background-color has-background is-layout-flex wp-container-core-columns-is-layout-9d6595d7 wp-block-columns-is-layout-flex\">\n<div class=\"wp-block-column is-vertically-aligned-center is-layout-flow wp-block-column-is-layout-flow\">\n<h1 class=\"has-text-align-center wp-block-heading\">S*Rytorps Turkisk Van<\/h1>\n\n\n\n<h2 class=\"has-text-align-center wp-block-heading\">Varmt v\u00e4lkommen!<\/h2>\n\n\n\n<p class=\"has-text-align-center has-normal-font-size\">Vi har varit lite d\u00e5liga p\u00e5 att uppdatera p\u00e5 senaste tiden. Men den h\u00e4r nya sidan \u00e4r under uppbyggnad! F\u00f6r att du inte ska missa n\u00e5got riktigt viktigt s\u00e5 kommer jag posta det senaste h\u00e4r!<br><br>Den 3 maj fick vi en fantastisk kull p\u00e5 fem kattungar! Mamma \u00e4r v\u00e5r fina Elsa och pappa \u00e4r v\u00e5r underbare Bob! Det blir Elsas sista kull men Bobs f\u00f6rsta. Fyra honor och en hane. Tv\u00e5 av honorna \u00e4r bokade medan tv\u00e5 honor och en hane \u00e4r tillg\u00e4ngliga. Alla \u00e4r cremf\u00e4rgare. F\u00f6lj oss g\u00e4rna p\u00e5 v\u00e5r Facebooksida S*Rytorps Turkisk Van d\u00e4r vi ger den senaste infon lite snabbare!<\/p>\n\n\n\n<p><br><\/p>\n\n\n\n<div class=\"wp-block-buttons is-content-justification-center is-layout-flex wp-container-core-buttons-is-layout-16018d1d wp-block-buttons-is-layout-flex\">\n<div class=\"wp-block-button\"><a class=\"wp-block-button__link\">rytorps@gmail.com<\/a><\/div>\n<\/div>\n<\/div>\n\n\n\n<div class=\"wp-block-column is-vertically-aligned-center is-layout-flow wp-block-column-is-layout-flow\">\n<figure class=\"wp-block-image size-large\"><img loading=\"lazy\" decoding=\"async\" width=\"1024\" height=\"683\" src=\"https:\/\/new.rytorps.com\/wp-content\/uploads\/2022\/06\/BH1B8811Elsa-Penny-2-1024x683.jpg\" alt=\"\" class=\"wp-image-291\" srcset=\"https:\/\/www.rytorps.com\/wp-content\/uploads\/2022\/06\/BH1B8811Elsa-Penny-2-1024x683.jpg 1024w, https:\/\/www.rytorps.com\/wp-content\/uploads\/2022\/06\/BH1B8811Elsa-Penny-2-300x200.jpg 300w, https:\/\/www.rytorps.com\/wp-content\/uploads\/2022\/06\/BH1B8811Elsa-Penny-2-768x512.jpg 768w, https:\/\/www.rytorps.com\/wp-content\/uploads\/2022\/06\/BH1B8811Elsa-Penny-2-1536x1024.jpg 1536w, https:\/\/www.rytorps.com\/wp-content\/uploads\/2022\/06\/BH1B8811Elsa-Penny-2-2048x1365.jpg 2048w, https:\/\/www.rytorps.com\/wp-content\/uploads\/2022\/06\/BH1B8811Elsa-Penny-2-100x67.jpg 100w, https:\/\/www.rytorps.com\/wp-content\/uploads\/2022\/06\/BH1B8811Elsa-Penny-2-150x100.jpg 150w, https:\/\/www.rytorps.com\/wp-content\/uploads\/2022\/06\/BH1B8811Elsa-Penny-2-200x133.jpg 200w, https:\/\/www.rytorps.com\/wp-content\/uploads\/2022\/06\/BH1B8811Elsa-Penny-2-450x300.jpg 450w, https:\/\/www.rytorps.com\/wp-content\/uploads\/2022\/06\/BH1B8811Elsa-Penny-2-600x400.jpg 600w, https:\/\/www.rytorps.com\/wp-content\/uploads\/2022\/06\/BH1B8811Elsa-Penny-2-900x600.jpg 900w\" sizes=\"auto, (max-width: 1024px) 100vw, 1024px\" \/><figcaption>Penny och Elsa &#8211; S*Rytorps Penny Royal Tea + CH Vanadu&#8217;s Nothing Else Matters<\/figcaption><\/figure>\n<\/div>\n<\/div>\n\n\n\n<div style=\"height:50px\" aria-hidden=\"true\" class=\"wp-block-spacer\"><\/div>\n<\/div><\/div>\n<\/div><\/div>\n\n\n\n<div class=\"wp-block-group\"><div class=\"wp-block-group__inner-container is-layout-flow wp-block-group-is-layout-flow\">\n<div style=\"height:30px\" aria-hidden=\"true\" class=\"wp-block-spacer\"><\/div>\n<\/div><\/div>\n\n\n\n<div class=\"wp-block-columns is-layout-flex wp-container-core-columns-is-layout-9d6595d7 wp-block-columns-is-layout-flex\">\n<div class=\"wp-block-column is-layout-flow wp-block-column-is-layout-flow\">\n<div class=\"wp-block-group has-button-hover-text-color-background-color has-background\"><div class=\"wp-block-group__inner-container is-layout-flow wp-block-group-is-layout-flow\">\n<h2 class=\"has-normal-font-size wp-block-heading\">S*Rytorps Heart Shaped Box &#8211; Hj\u00e4rtat<\/h2>\n<\/div><\/div>\n\n\n\n<div class=\"wp-block-group has-button-hover-text-color-background-color has-background\"><div class=\"wp-block-group__inner-container is-layout-flow wp-block-group-is-layout-flow\">\n<figure class=\"wp-block-gallery has-nested-images columns-default is-cropped wp-block-gallery-1 is-layout-flex wp-block-gallery-is-layout-flex\">\n<figure class=\"wp-block-image size-large\"><img loading=\"lazy\" decoding=\"async\" width=\"1024\" height=\"683\" data-id=\"300\" src=\"https:\/\/new.rytorps.com\/wp-content\/uploads\/2022\/06\/BH1B8747hja\u0308rtat-1024x683.jpg\" alt=\"\" class=\"wp-image-300\" srcset=\"https:\/\/www.rytorps.com\/wp-content\/uploads\/2022\/06\/BH1B8747hja\u0308rtat-1024x683.jpg 1024w, https:\/\/www.rytorps.com\/wp-content\/uploads\/2022\/06\/BH1B8747hja\u0308rtat-300x200.jpg 300w, https:\/\/www.rytorps.com\/wp-content\/uploads\/2022\/06\/BH1B8747hja\u0308rtat-768x512.jpg 768w, https:\/\/www.rytorps.com\/wp-content\/uploads\/2022\/06\/BH1B8747hja\u0308rtat-1536x1024.jpg 1536w, https:\/\/www.rytorps.com\/wp-content\/uploads\/2022\/06\/BH1B8747hja\u0308rtat-2048x1365.jpg 2048w, https:\/\/www.rytorps.com\/wp-content\/uploads\/2022\/06\/BH1B8747hja\u0308rtat-100x67.jpg 100w, https:\/\/www.rytorps.com\/wp-content\/uploads\/2022\/06\/BH1B8747hja\u0308rtat-150x100.jpg 150w, https:\/\/www.rytorps.com\/wp-content\/uploads\/2022\/06\/BH1B8747hja\u0308rtat-200x133.jpg 200w, https:\/\/www.rytorps.com\/wp-content\/uploads\/2022\/06\/BH1B8747hja\u0308rtat-450x300.jpg 450w, https:\/\/www.rytorps.com\/wp-content\/uploads\/2022\/06\/BH1B8747hja\u0308rtat-600x400.jpg 600w, https:\/\/www.rytorps.com\/wp-content\/uploads\/2022\/06\/BH1B8747hja\u0308rtat-900x600.jpg 900w\" sizes=\"auto, (max-width: 1024px) 100vw, 1024px\" \/><\/figure>\n<\/figure>\n<\/div><\/div>\n\n\n\n<div class=\"wp-block-group has-button-hover-text-color-background-color has-background\"><div class=\"wp-block-group__inner-container is-layout-flow wp-block-group-is-layout-flow\">\n<p class=\"has-small-font-size\">Detta \u00e4r S*Rytorps Heart Shaped Box &#8211; TUV e 62, cremef\u00e4rgad tjej som kommer f\u00e5 b\u00e4rnstensf\u00e4rgare \u00f6gon. Hon \u00e4r st\u00f6rst i kullen och riktigt fram\u00e5t! Hon gillar att kl\u00e4ttra och busa men \u00e4lskar ocks\u00e5 ett kn\u00e4 att sova i. Hon \u00e4r riktigt fin i typen, trots att hon bara har en fl\u00e4ck p\u00e5 huvudet s\u00e5 skulle hon kunna passa fint f\u00f6r b\u00e5de avel och utst\u00e4llning. Hj\u00e4rtat, som vi kallar henne, letar efter sitt eget hem! <\/p>\n<\/div><\/div>\n<\/div>\n\n\n\n<div class=\"wp-block-column is-layout-flow wp-block-column-is-layout-flow\">\n<div class=\"wp-block-group has-button-hover-text-color-background-color has-background\"><div class=\"wp-block-group__inner-container is-layout-flow wp-block-group-is-layout-flow\">\n<h2 class=\"has-normal-font-size wp-block-heading\">S*Rytorps Polly &#8211;  Polly<\/h2>\n<\/div><\/div>\n\n\n\n<div class=\"wp-block-group has-button-hover-text-color-background-color has-background\"><div class=\"wp-block-group__inner-container is-layout-flow wp-block-group-is-layout-flow\">\n<figure class=\"wp-block-image size-large\"><img loading=\"lazy\" decoding=\"async\" width=\"1024\" height=\"683\" src=\"https:\/\/new.rytorps.com\/wp-content\/uploads\/2022\/06\/BH1B8681Polly-1024x683.jpg\" alt=\"\" class=\"wp-image-292\" srcset=\"https:\/\/www.rytorps.com\/wp-content\/uploads\/2022\/06\/BH1B8681Polly-1024x683.jpg 1024w, https:\/\/www.rytorps.com\/wp-content\/uploads\/2022\/06\/BH1B8681Polly-300x200.jpg 300w, https:\/\/www.rytorps.com\/wp-content\/uploads\/2022\/06\/BH1B8681Polly-768x512.jpg 768w, https:\/\/www.rytorps.com\/wp-content\/uploads\/2022\/06\/BH1B8681Polly-1536x1024.jpg 1536w, https:\/\/www.rytorps.com\/wp-content\/uploads\/2022\/06\/BH1B8681Polly-2048x1365.jpg 2048w, https:\/\/www.rytorps.com\/wp-content\/uploads\/2022\/06\/BH1B8681Polly-100x67.jpg 100w, https:\/\/www.rytorps.com\/wp-content\/uploads\/2022\/06\/BH1B8681Polly-150x100.jpg 150w, https:\/\/www.rytorps.com\/wp-content\/uploads\/2022\/06\/BH1B8681Polly-200x133.jpg 200w, https:\/\/www.rytorps.com\/wp-content\/uploads\/2022\/06\/BH1B8681Polly-450x300.jpg 450w, https:\/\/www.rytorps.com\/wp-content\/uploads\/2022\/06\/BH1B8681Polly-600x400.jpg 600w, https:\/\/www.rytorps.com\/wp-content\/uploads\/2022\/06\/BH1B8681Polly-900x600.jpg 900w\" sizes=\"auto, (max-width: 1024px) 100vw, 1024px\" \/><\/figure>\n<\/div><\/div>\n\n\n\n<div class=\"wp-block-group has-button-hover-text-color-background-color has-background\"><div class=\"wp-block-group__inner-container is-layout-flow wp-block-group-is-layout-flow\">\n<p class=\"has-small-font-size\">Denna lilla isbj\u00f6rn \u00e4r S*Rytorps Polly som vi kort och gott kallar Polly! Hon \u00e4r rund p\u00e5 alla h\u00e5ll, och kommer f\u00e5 massa p\u00e4ls, lik sin mamma Elsa som hon \u00e4r. Riktigt busig \u00e4r hon ocks\u00e5 och kan rusa som en riktigt busunge och samtidig \u00e4lskar hon mat, missar aldrig en stund att f\u00e5 \u00e4ta lite gott. Polly \u00e4r cremef\u00e4rgad och kommer ocks\u00e5 hon f\u00e5 b\u00e4rnstensf\u00e4rgade \u00f6gon. Hon har en fl\u00e4ck p\u00e5 huvudet, lite mindre och ljusare i f\u00e4rgen \u00e4n Hj\u00e4rtats. Polly letar efter det perfekta hemmet att f\u00e5 regera \u00f6ver!<\/p>\n<\/div><\/div>\n<\/div>\n\n\n\n<div class=\"wp-block-column is-layout-flow wp-block-column-is-layout-flow\">\n<div class=\"wp-block-group has-button-hover-text-color-background-color has-background\"><div class=\"wp-block-group__inner-container is-layout-flow wp-block-group-is-layout-flow\">\n<h2 class=\"has-normal-font-size wp-block-heading\">S*Rytorps Come As You Are &#8211; Conny<\/h2>\n<\/div><\/div>\n\n\n\n<div class=\"wp-block-group has-button-hover-text-color-background-color has-background\"><div class=\"wp-block-group__inner-container is-layout-flow wp-block-group-is-layout-flow\">\n<figure class=\"wp-block-image size-large\"><img loading=\"lazy\" decoding=\"async\" width=\"1024\" height=\"683\" src=\"https:\/\/new.rytorps.com\/wp-content\/uploads\/2022\/06\/BH1B8803Conny-1024x683.jpg\" alt=\"\" class=\"wp-image-315\" srcset=\"https:\/\/www.rytorps.com\/wp-content\/uploads\/2022\/06\/BH1B8803Conny-1024x683.jpg 1024w, https:\/\/www.rytorps.com\/wp-content\/uploads\/2022\/06\/BH1B8803Conny-300x200.jpg 300w, https:\/\/www.rytorps.com\/wp-content\/uploads\/2022\/06\/BH1B8803Conny-768x512.jpg 768w, https:\/\/www.rytorps.com\/wp-content\/uploads\/2022\/06\/BH1B8803Conny-1536x1024.jpg 1536w, https:\/\/www.rytorps.com\/wp-content\/uploads\/2022\/06\/BH1B8803Conny-2048x1365.jpg 2048w, https:\/\/www.rytorps.com\/wp-content\/uploads\/2022\/06\/BH1B8803Conny-100x67.jpg 100w, https:\/\/www.rytorps.com\/wp-content\/uploads\/2022\/06\/BH1B8803Conny-150x100.jpg 150w, https:\/\/www.rytorps.com\/wp-content\/uploads\/2022\/06\/BH1B8803Conny-200x133.jpg 200w, https:\/\/www.rytorps.com\/wp-content\/uploads\/2022\/06\/BH1B8803Conny-450x300.jpg 450w, https:\/\/www.rytorps.com\/wp-content\/uploads\/2022\/06\/BH1B8803Conny-600x400.jpg 600w, https:\/\/www.rytorps.com\/wp-content\/uploads\/2022\/06\/BH1B8803Conny-900x600.jpg 900w\" sizes=\"auto, (max-width: 1024px) 100vw, 1024px\" \/><\/figure>\n<\/div><\/div>\n\n\n\n<div class=\"wp-block-group has-button-hover-text-color-background-color has-background\"><div class=\"wp-block-group__inner-container is-layout-flow wp-block-group-is-layout-flow\">\n<p class=\"has-small-font-size\">Conny &#8211; S*Rytorps Come As You Are, kullens enda hane har krupit lite extra in under skinnet p\u00e5 mig. Han \u00e4r v\u00e4ldigt lik sin pappa Bob b\u00e5de till utseende och till temperament. V\u00e4ldigt gosig och samtidigt har han den d\u00e4r lite ledsna looken. Conny \u00e4r cremef\u00e4grad och kommer bli oddeyed, dvs ett bl\u00e5tt och ett b\u00e4rnstensf\u00e4rgat \u00f6ga. Just nu s\u00e5 \u00e4r han lite under utv\u00e4rdering. Jag kanske beh\u00e5ller honom &#8230; eller s\u00e4ljer.. om helt r\u00e4tt hem dyker upp&#8230; \u00c4r det du? <\/p>\n<\/div><\/div>\n<\/div>\n<\/div>\n\n\n\n<div style=\"height:20px\" aria-hidden=\"true\" class=\"wp-block-spacer\"><\/div>\n\n\n\n<div class=\"wp-block-cover alignfull\"><span aria-hidden=\"true\" class=\"wp-block-cover__background has-responsive-container-background-color-background-color has-background-dim-100 has-background-dim\"><\/span><div class=\"wp-block-cover__inner-container is-layout-flow wp-block-cover-is-layout-flow\">\n<div style=\"height:100px\" aria-hidden=\"true\" class=\"wp-block-spacer\"><\/div>\n\n\n\n<div class=\"wp-block-columns is-layout-flex wp-container-core-columns-is-layout-9d6595d7 wp-block-columns-is-layout-flex\">\n<div class=\"wp-block-column is-layout-flow wp-block-column-is-layout-flow\">\n<h2 class=\"has-button-hover-text-color-color has-text-color wp-block-heading\">Svarstid<\/h2>\n\n\n\n<p>Maila eller ring, vi svarar s\u00e5 fort vi kan!<\/p>\n<\/div>\n\n\n\n<div class=\"wp-block-column is-layout-flow wp-block-column-is-layout-flow\">\n<h2 class=\"has-button-hover-text-color-color has-text-color wp-block-heading\">F\u00f6lj oss p\u00e5 <\/h2>\n\n\n\n<ul class=\"wp-block-social-links is-layout-flex wp-block-social-links-is-layout-flex\"><li class=\"wp-social-link wp-social-link-facebook  wp-block-social-link\"><a href=\"https:\/\/www.facebook.com\/groups\/66541282993\/\" class=\"wp-block-social-link-anchor\"><svg width=\"24\" height=\"24\" viewBox=\"0 0 24 24\" version=\"1.1\" xmlns=\"http:\/\/www.w3.org\/2000\/svg\" aria-hidden=\"true\" focusable=\"false\"><path d=\"M12 2C6.5 2 2 6.5 2 12c0 5 3.7 9.1 8.4 9.9v-7H7.9V12h2.5V9.8c0-2.5 1.5-3.9 3.8-3.9 1.1 0 2.2.2 2.2.2v2.5h-1.3c-1.2 0-1.6.8-1.6 1.6V12h2.8l-.4 2.9h-2.3v7C18.3 21.1 22 17 22 12c0-5.5-4.5-10-10-10z\"><\/path><\/svg><span class=\"wp-block-social-link-label screen-reader-text\">Facebook<\/span><\/a><\/li>\n\n\n\n<li class=\"wp-social-link wp-social-link-instagram  wp-block-social-link\"><a href=\"#rytorps\" class=\"wp-block-social-link-anchor\"><svg width=\"24\" height=\"24\" viewBox=\"0 0 24 24\" version=\"1.1\" xmlns=\"http:\/\/www.w3.org\/2000\/svg\" aria-hidden=\"true\" focusable=\"false\"><path d=\"M12,4.622c2.403,0,2.688,0.009,3.637,0.052c0.877,0.04,1.354,0.187,1.671,0.31c0.42,0.163,0.72,0.358,1.035,0.673 c0.315,0.315,0.51,0.615,0.673,1.035c0.123,0.317,0.27,0.794,0.31,1.671c0.043,0.949,0.052,1.234,0.052,3.637 s-0.009,2.688-0.052,3.637c-0.04,0.877-0.187,1.354-0.31,1.671c-0.163,0.42-0.358,0.72-0.673,1.035 c-0.315,0.315-0.615,0.51-1.035,0.673c-0.317,0.123-0.794,0.27-1.671,0.31c-0.949,0.043-1.233,0.052-3.637,0.052 s-2.688-0.009-3.637-0.052c-0.877-0.04-1.354-0.187-1.671-0.31c-0.42-0.163-0.72-0.358-1.035-0.673 c-0.315-0.315-0.51-0.615-0.673-1.035c-0.123-0.317-0.27-0.794-0.31-1.671C4.631,14.688,4.622,14.403,4.622,12 s0.009-2.688,0.052-3.637c0.04-0.877,0.187-1.354,0.31-1.671c0.163-0.42,0.358-0.72,0.673-1.035 c0.315-0.315,0.615-0.51,1.035-0.673c0.317-0.123,0.794-0.27,1.671-0.31C9.312,4.631,9.597,4.622,12,4.622 M12,3 C9.556,3,9.249,3.01,8.289,3.054C7.331,3.098,6.677,3.25,6.105,3.472C5.513,3.702,5.011,4.01,4.511,4.511 c-0.5,0.5-0.808,1.002-1.038,1.594C3.25,6.677,3.098,7.331,3.054,8.289C3.01,9.249,3,9.556,3,12c0,2.444,0.01,2.751,0.054,3.711 c0.044,0.958,0.196,1.612,0.418,2.185c0.23,0.592,0.538,1.094,1.038,1.594c0.5,0.5,1.002,0.808,1.594,1.038 c0.572,0.222,1.227,0.375,2.185,0.418C9.249,20.99,9.556,21,12,21s2.751-0.01,3.711-0.054c0.958-0.044,1.612-0.196,2.185-0.418 c0.592-0.23,1.094-0.538,1.594-1.038c0.5-0.5,0.808-1.002,1.038-1.594c0.222-0.572,0.375-1.227,0.418-2.185 C20.99,14.751,21,14.444,21,12s-0.01-2.751-0.054-3.711c-0.044-0.958-0.196-1.612-0.418-2.185c-0.23-0.592-0.538-1.094-1.038-1.594 c-0.5-0.5-1.002-0.808-1.594-1.038c-0.572-0.222-1.227-0.375-2.185-0.418C14.751,3.01,14.444,3,12,3L12,3z M12,7.378 c-2.552,0-4.622,2.069-4.622,4.622S9.448,16.622,12,16.622s4.622-2.069,4.622-4.622S14.552,7.378,12,7.378z M12,15 c-1.657,0-3-1.343-3-3s1.343-3,3-3s3,1.343,3,3S13.657,15,12,15z M16.804,6.116c-0.596,0-1.08,0.484-1.08,1.08 s0.484,1.08,1.08,1.08c0.596,0,1.08-0.484,1.08-1.08S17.401,6.116,16.804,6.116z\"><\/path><\/svg><span class=\"wp-block-social-link-label screen-reader-text\">Instagram<\/span><\/a><\/li>\n\n\n\n<\/ul>\n<\/div>\n\n\n\n<div class=\"wp-block-column is-layout-flow wp-block-column-is-layout-flow\">\n<h2 class=\"has-button-hover-text-color-color has-text-color wp-block-heading\">Kontakt<\/h2>\n\n\n\n<ul class=\"wp-block-list\"><li>Emma Berggren, Sk\u00e5r 220, 442 92 Romelanda<\/li><li>+46705 21 31 80<\/li><li>rytorps@gmail.com<\/li><\/ul>\n<\/div>\n<\/div>\n\n\n\n<div style=\"height:100px\" aria-hidden=\"true\" class=\"wp-block-spacer\"><\/div>\n\n\n\n<p class=\"has-text-align-center has-large-font-size\"><\/p>\n<\/div><\/div>\n","protected":false},"excerpt":{"rendered":"<p>S*Rytorps Turkisk Van Varmt v\u00e4lkommen! Vi har varit lite d\u00e5liga p\u00e5 att uppdatera p\u00e5 senaste tiden. Men den h\u00e4r nya sidan \u00e4r under uppbyggnad! F\u00f6r att du inte ska missa n\u00e5got riktigt viktigt s\u00e5 kommer jag posta det senaste h\u00e4r! &hellip;<\/p>\n<p class=\"read-more\"> <a class=\"more-link\" href=\"https:\/\/www.rytorps.com\/\"> <span class=\"screen-reader-text\">Hem<\/span> L\u00e4s mer &raquo;<\/a><\/p>\n","protected":false},"author":1,"featured_media":0,"parent":0,"menu_order":0,"comment_status":"open","ping_status":"closed","template":"gutenberg-fullwidth.php","meta":{"footnotes":""},"class_list":["post-31","page","type-page","status-publish","hentry"],"_links":{"self":[{"href":"https:\/\/www.rytorps.com\/index.php?rest_route=\/wp\/v2\/pages\/31","targetHints":{"allow":["GET"]}}],"collection":[{"href":"https:\/\/www.rytorps.com\/index.php?rest_route=\/wp\/v2\/pages"}],"about":[{"href":"https:\/\/www.rytorps.com\/index.php?rest_route=\/wp\/v2\/types\/page"}],"author":[{"embeddable":true,"href":"https:\/\/www.rytorps.com\/index.php?rest_route=\/wp\/v2\/users\/1"}],"replies":[{"embeddable":true,"href":"https:\/\/www.rytorps.com\/index.php?rest_route=%2Fwp%2Fv2%2Fcomments&post=31"}],"version-history":[{"count":9,"href":"https:\/\/www.rytorps.com\/index.php?rest_route=\/wp\/v2\/pages\/31\/revisions"}],"predecessor-version":[{"id":334,"href":"https:\/\/www.rytorps.com\/index.php?rest_route=\/wp\/v2\/pages\/31\/revisions\/334"}],"wp:attachment":[{"href":"https:\/\/www.rytorps.com\/index.php?rest_route=%2Fwp%2Fv2%2Fmedia&parent=31"}],"curies":[{"name":"wp","href":"https:\/\/api.w.org\/{rel}","templated":true}]}}